{"id":60,"date":"2022-03-22T10:13:24","date_gmt":"2022-03-22T13:13:24","guid":{"rendered":"https:\/\/aumigopetmovel.com.br\/?page_id=60"},"modified":"2022-03-23T15:49:58","modified_gmt":"2022-03-23T18:49:58","slug":"tesyte","status":"publish","type":"page","link":"https:\/\/aumigopetmovel.com.br\/","title":{"rendered":"HOME"},"content":{"rendered":"\n<p>J\u00e1 imaginou ter toda a praticidade de um banho e tosa na sua casa?<\/p>\n\n\n\n<p>Foi pensando com muito amor e cuidado que criamos esse lindo conceito do Aumigo Pet M\u00f3vel. Vamos proporcionar conforto e menos estresse para o seu animalzinho na hora do banho! Voc\u00ea n\u00e3o precisa se deslocar, n\u00f3s vamos at\u00e9 voc\u00ea!<\/p>\n\n\n\n<p>Com uma van totalmente nova, estrutura e equipamentos de qualidade para que seus pets tenham todo o cuidado e carinho na hora do banho.<\/p>\n\n\n\n<p>Acreditamos que para todo dono, cuidar do seu Aumigo seja muito importante e por isso criamos o Aumigo Pet M\u00f3vel, querendo oferecer todo o nosso amor por pets atrav\u00e9s de um servi\u00e7o pr\u00e1tico que facilitar\u00e1 a vida do dono e seu animal.<\/p>\n\n\n\n<p>Temos um enorme amor por animais, somos donos de 2 cachorros e 1 coelho e por esse motivo priorizamos o banho e tosa humanizado a domic\u00edlio, como sempre quisemos aos nossos pets.<\/p>\n\n\n\n<p>Nossos procedimentos operacionais s\u00e3o padronizados para que todos tenham a melhor experi\u00eancia conosco. O atendimento vai ser realizado com excel\u00eancia do in\u00edcio ao fim.<\/p>\n\n\n\n<p>Vamos juntos com as patinhas no volante para essa maravilhosa experi\u00eancia! Nos chame para nos conhecer melhor!<\/p>\n","protected":false},"excerpt":{"rendered":"<p>J\u00e1 imaginou ter toda a praticidade de um banho e tosa na sua casa? Foi pensando com muito amor e cuidado que criamos esse lindo conceito do Aumigo Pet M\u00f3vel. Vamos proporcionar conforto e menos estresse para o seu animalzinho na hora do banho! Voc\u00ea n\u00e3o precisa se deslocar, n\u00f3s [&hellip;]<\/p>\n","protected":false},"author":1,"featured_media":9,"parent":0,"menu_order":0,"comment_status":"closed","ping_status":"closed","template":"","meta":[],"yoast_head":"<!-- This site is optimized with the Yoast SEO plugin v19.13 - https:\/\/yoast.com\/wordpress\/plugins\/seo\/ -->\n<title>HOME - Aumigo Pet M\u00f3vel<\/title>\n<meta name=\"robots\" content=\"index, follow, max-snippet:-1, max-image-preview:large, max-video-preview:-1\" \/>\n<link rel=\"canonical\" href=\"https:\/\/aumigopetmovel.com.br\/\" \/>\n<meta property=\"og:locale\" content=\"en_US\" \/>\n<meta property=\"og:type\" content=\"article\" \/>\n<meta property=\"og:title\" content=\"HOME - Aumigo Pet M\u00f3vel\" \/>\n<meta property=\"og:description\" content=\"J\u00e1 imaginou ter toda a praticidade de um banho e tosa na sua casa? Foi pensando com muito amor e cuidado que criamos esse lindo conceito do Aumigo Pet M\u00f3vel. Vamos proporcionar conforto e menos estresse para o seu animalzinho na hora do banho! Voc\u00ea n\u00e3o precisa se deslocar, n\u00f3s [&hellip;]\" \/>\n<meta property=\"og:url\" content=\"https:\/\/aumigopetmovel.com.br\/\" \/>\n<meta property=\"og:site_name\" content=\"Aumigo Pet M\u00f3vel\" \/>\n<meta property=\"article:modified_time\" content=\"2022-03-23T18:49:58+00:00\" \/>\n<meta property=\"og:image\" content=\"https:\/\/aumigopetmovel.com.br\/wp-content\/uploads\/2022\/03\/avatar-1-e1646960554351.png\" \/>\n\t<meta property=\"og:image:width\" content=\"1040\" \/>\n\t<meta property=\"og:image:height\" content=\"1040\" \/>\n\t<meta property=\"og:image:type\" content=\"image\/png\" \/>\n<meta name=\"twitter:card\" content=\"summary_large_image\" \/>\n<meta name=\"twitter:label1\" content=\"Est. reading time\" \/>\n\t<meta name=\"twitter:data1\" content=\"1 minute\" \/>\n<script type=\"application\/ld+json\" class=\"yoast-schema-graph\">{\"@context\":\"https:\/\/schema.org\",\"@graph\":[{\"@type\":\"WebPage\",\"@id\":\"https:\/\/aumigopetmovel.com.br\/\",\"url\":\"https:\/\/aumigopetmovel.com.br\/\",\"name\":\"HOME - Aumigo Pet M\u00f3vel\",\"isPartOf\":{\"@id\":\"https:\/\/aumigopetmovel.com.br\/#website\"},\"datePublished\":\"2022-03-22T13:13:24+00:00\",\"dateModified\":\"2022-03-23T18:49:58+00:00\",\"breadcrumb\":{\"@id\":\"https:\/\/aumigopetmovel.com.br\/#breadcrumb\"},\"inLanguage\":\"en-US\",\"potentialAction\":[{\"@type\":\"ReadAction\",\"target\":[\"https:\/\/aumigopetmovel.com.br\/\"]}]},{\"@type\":\"BreadcrumbList\",\"@id\":\"https:\/\/aumigopetmovel.com.br\/#breadcrumb\",\"itemListElement\":[{\"@type\":\"ListItem\",\"position\":1,\"name\":\"In\u00edcio\",\"item\":\"https:\/\/aumigopetmovel.com.br\/\"},{\"@type\":\"ListItem\",\"position\":2,\"name\":\"HOME\"}]},{\"@type\":\"WebSite\",\"@id\":\"https:\/\/aumigopetmovel.com.br\/#website\",\"url\":\"https:\/\/aumigopetmovel.com.br\/\",\"name\":\"Aumigo Pet M\u00f3vel\",\"description\":\".\",\"publisher\":{\"@id\":\"https:\/\/aumigopetmovel.com.br\/#organization\"},\"potentialAction\":[{\"@type\":\"SearchAction\",\"target\":{\"@type\":\"EntryPoint\",\"urlTemplate\":\"https:\/\/aumigopetmovel.com.br\/?s={search_term_string}\"},\"query-input\":\"required name=search_term_string\"}],\"inLanguage\":\"en-US\"},{\"@type\":\"Organization\",\"@id\":\"https:\/\/aumigopetmovel.com.br\/#organization\",\"name\":\"Aumigo pet movel\",\"url\":\"https:\/\/aumigopetmovel.com.br\/\",\"logo\":{\"@type\":\"ImageObject\",\"inLanguage\":\"en-US\",\"@id\":\"https:\/\/aumigopetmovel.com.br\/#\/schema\/logo\/image\/\",\"url\":\"https:\/\/aumigopetmovel.com.br\/wp-content\/uploads\/2022\/03\/Logotipo-sentido-horizontal-1.png\",\"contentUrl\":\"https:\/\/aumigopetmovel.com.br\/wp-content\/uploads\/2022\/03\/Logotipo-sentido-horizontal-1.png\",\"width\":15808,\"height\":6087,\"caption\":\"Aumigo pet movel\"},\"image\":{\"@id\":\"https:\/\/aumigopetmovel.com.br\/#\/schema\/logo\/image\/\"}}]}<\/script>\n<!-- \/ Yoast SEO plugin. -->","yoast_head_json":{"title":"HOME - Aumigo Pet M\u00f3vel","robots":{"index":"index","follow":"follow","max-snippet":"max-snippet:-1","max-image-preview":"max-image-preview:large","max-video-preview":"max-video-preview:-1"},"canonical":"https:\/\/aumigopetmovel.com.br\/","og_locale":"en_US","og_type":"article","og_title":"HOME - Aumigo Pet M\u00f3vel","og_description":"J\u00e1 imaginou ter toda a praticidade de um banho e tosa na sua casa? Foi pensando com muito amor e cuidado que criamos esse lindo conceito do Aumigo Pet M\u00f3vel. Vamos proporcionar conforto e menos estresse para o seu animalzinho na hora do banho! Voc\u00ea n\u00e3o precisa se deslocar, n\u00f3s [&hellip;]","og_url":"https:\/\/aumigopetmovel.com.br\/","og_site_name":"Aumigo Pet M\u00f3vel","article_modified_time":"2022-03-23T18:49:58+00:00","og_image":[{"width":1040,"height":1040,"url":"https:\/\/aumigopetmovel.com.br\/wp-content\/uploads\/2022\/03\/avatar-1-e1646960554351.png","type":"image\/png"}],"twitter_card":"summary_large_image","twitter_misc":{"Est. reading time":"1 minute"},"schema":{"@context":"https:\/\/schema.org","@graph":[{"@type":"WebPage","@id":"https:\/\/aumigopetmovel.com.br\/","url":"https:\/\/aumigopetmovel.com.br\/","name":"HOME - Aumigo Pet M\u00f3vel","isPartOf":{"@id":"https:\/\/aumigopetmovel.com.br\/#website"},"datePublished":"2022-03-22T13:13:24+00:00","dateModified":"2022-03-23T18:49:58+00:00","breadcrumb":{"@id":"https:\/\/aumigopetmovel.com.br\/#breadcrumb"},"inLanguage":"en-US","potentialAction":[{"@type":"ReadAction","target":["https:\/\/aumigopetmovel.com.br\/"]}]},{"@type":"BreadcrumbList","@id":"https:\/\/aumigopetmovel.com.br\/#breadcrumb","itemListElement":[{"@type":"ListItem","position":1,"name":"In\u00edcio","item":"https:\/\/aumigopetmovel.com.br\/"},{"@type":"ListItem","position":2,"name":"HOME"}]},{"@type":"WebSite","@id":"https:\/\/aumigopetmovel.com.br\/#website","url":"https:\/\/aumigopetmovel.com.br\/","name":"Aumigo Pet M\u00f3vel","description":".","publisher":{"@id":"https:\/\/aumigopetmovel.com.br\/#organization"},"potentialAction":[{"@type":"SearchAction","target":{"@type":"EntryPoint","urlTemplate":"https:\/\/aumigopetmovel.com.br\/?s={search_term_string}"},"query-input":"required name=search_term_string"}],"inLanguage":"en-US"},{"@type":"Organization","@id":"https:\/\/aumigopetmovel.com.br\/#organization","name":"Aumigo pet movel","url":"https:\/\/aumigopetmovel.com.br\/","logo":{"@type":"ImageObject","inLanguage":"en-US","@id":"https:\/\/aumigopetmovel.com.br\/#\/schema\/logo\/image\/","url":"https:\/\/aumigopetmovel.com.br\/wp-content\/uploads\/2022\/03\/Logotipo-sentido-horizontal-1.png","contentUrl":"https:\/\/aumigopetmovel.com.br\/wp-content\/uploads\/2022\/03\/Logotipo-sentido-horizontal-1.png","width":15808,"height":6087,"caption":"Aumigo pet movel"},"image":{"@id":"https:\/\/aumigopetmovel.com.br\/#\/schema\/logo\/image\/"}}]}},"_links":{"self":[{"href":"https:\/\/aumigopetmovel.com.br\/index.php\/wp-json\/wp\/v2\/pages\/60"}],"collection":[{"href":"https:\/\/aumigopetmovel.com.br\/index.php\/wp-json\/wp\/v2\/pages"}],"about":[{"href":"https:\/\/aumigopetmovel.com.br\/index.php\/wp-json\/wp\/v2\/types\/page"}],"author":[{"embeddable":true,"href":"https:\/\/aumigopetmovel.com.br\/index.php\/wp-json\/wp\/v2\/users\/1"}],"replies":[{"embeddable":true,"href":"https:\/\/aumigopetmovel.com.br\/index.php\/wp-json\/wp\/v2\/comments?post=60"}],"version-history":[{"count":21,"href":"https:\/\/aumigopetmovel.com.br\/index.php\/wp-json\/wp\/v2\/pages\/60\/revisions"}],"predecessor-version":[{"id":170,"href":"https:\/\/aumigopetmovel.com.br\/index.php\/wp-json\/wp\/v2\/pages\/60\/revisions\/170"}],"wp:featuredmedia":[{"embeddable":true,"href":"https:\/\/aumigopetmovel.com.br\/index.php\/wp-json\/wp\/v2\/media\/9"}],"wp:attachment":[{"href":"https:\/\/aumigopetmovel.com.br\/index.php\/wp-json\/wp\/v2\/media?parent=60"}],"curies":[{"name":"wp","href":"https:\/\/api.w.org\/{rel}","templated":true}]}}